{"id":460,"date":"2017-02-19T20:58:43","date_gmt":"2017-02-19T19:58:43","guid":{"rendered":"http:\/\/przedszkole-swrocha.pl\/?page_id=460"},"modified":"2023-02-16T12:19:16","modified_gmt":"2023-02-16T11:19:16","slug":"stowarzyszenie","status":"publish","type":"page","link":"http:\/\/przedszkole-swrocha.pl\/?page_id=460","title":{"rendered":"Stowarzyszenie"},"content":{"rendered":"<p style=\"text-align: center;\"><span style=\"font-size: 18pt;\"><span id=\"page3R_mcid0\" class=\"markedContent\" style=\"color: #ff0000;\"><span dir=\"ltr\" role=\"presentation\">Pro\u015bba o 1,5%<\/span><\/span><span id=\"page3R_mcid1\" class=\"markedContent\"><\/span><span id=\"page3R_mcid2\" class=\"markedContent\"><\/span><\/span><\/p>\n<p style=\"text-align: center;\"><span style=\"font-size: 18pt;\"><span id=\"page3R_mcid2\" class=\"markedContent\"><br role=\"presentation\" \/><span dir=\"ltr\" role=\"presentation\">SZANOWNI PA\u0143STWO<\/span><\/span><span id=\"page3R_mcid3\" class=\"markedContent\"><br role=\"presentation\" \/><span dir=\"ltr\" role=\"presentation\">Nale\u017cymy do<\/span><\/span><span id=\"page3R_mcid4\" class=\"markedContent\"><br role=\"presentation\" \/><strong><span dir=\"ltr\" role=\"presentation\">STOWARZYSZENIA<\/span><\/strong><br role=\"presentation\" \/><strong><span dir=\"ltr\" role=\"presentation\">\u201ePRZEDSZKOLA PRZYSZ\u0141O\u015aCI\u201d<\/span><\/strong><span dir=\"ltr\" role=\"presentation\">,<\/span><\/span><span id=\"page3R_mcid5\" class=\"markedContent\"><br role=\"presentation\" \/><span dir=\"ltr\" role=\"presentation\">kt\u00f3re jest Organizacj\u0105 Po\u017cytku Publicznego,<\/span><br role=\"presentation\" \/><span dir=\"ltr\" role=\"presentation\">w zwi\u0105zku z tym na rzecz naszej plac\u00f3wki<\/span><br role=\"presentation\" \/><span dir=\"ltr\" role=\"presentation\">mo\u017cna przekaza\u0107 1,5% podatku.<\/span><br role=\"presentation\" \/><span dir=\"ltr\" role=\"presentation\">Prosimy wesprze\u0107 nasz\u0105 dzia\u0142alno\u015b\u0107<\/span><br role=\"presentation\" \/><span dir=\"ltr\" role=\"presentation\">przekazuj\u0105c<\/span><br role=\"presentation\" \/><strong><span dir=\"ltr\" role=\"presentation\">1,5% z og\u00f3lnej<\/span> <span dir=\"ltr\" role=\"presentation\">kwoty podatku<\/span><\/strong><br role=\"presentation\" \/><span dir=\"ltr\" role=\"presentation\">(po odliczeniach)<\/span><br role=\"presentation\" \/><span dir=\"ltr\" role=\"presentation\">na konto<\/span><\/span><span id=\"page3R_mcid6\" class=\"markedContent\"><br role=\"presentation\" \/><span dir=\"ltr\" role=\"presentation\">Stowarzyszenie \u201ePrzedszkola Przysz\u0142o\u015bci\u201d<\/span><\/span><span id=\"page3R_mcid7\" class=\"markedContent\"><br role=\"presentation\" \/><span dir=\"ltr\" role=\"presentation\">35<\/span><span dir=\"ltr\" role=\"presentation\">&#8211;<\/span><span dir=\"ltr\" role=\"presentation\">310 Rzesz\u00f3w, ul. Rejtana 30,<\/span><\/span><span id=\"page3R_mcid8\" class=\"markedContent\"><br role=\"presentation\" \/><\/span><\/span><\/p>\n<p style=\"text-align: center;\"><span style=\"font-size: 18pt;\"><span style=\"color: #ff0000;\"><strong><span id=\"page3R_mcid8\" class=\"markedContent\"><span dir=\"ltr\" role=\"presentation\">Wa\u017cne:<\/span><\/span><span id=\"page3R_mcid9\" class=\"markedContent\"><br role=\"presentation\" \/><span dir=\"ltr\" role=\"presentation\">z<\/span> <span dir=\"ltr\" role=\"presentation\">dopiskiem dla PPN \u015aw. Rocha<\/span><\/span><\/strong><\/span><span id=\"page3R_mcid10\" class=\"markedContent\"><br role=\"presentation\" \/><\/span><\/span><\/p>\n<p style=\"text-align: center;\"><span style=\"font-size: 18pt;\"><strong><span id=\"page3R_mcid10\" class=\"markedContent\"><span dir=\"ltr\" role=\"presentation\">Numer KRS 0000145905<\/span><\/span><\/strong><span id=\"page3R_mcid11\" class=\"markedContent\"><br role=\"presentation\" \/><\/span><\/span><\/p>\n<p style=\"text-align: center;\"><span style=\"font-size: 18pt;\"><span id=\"page3R_mcid11\" class=\"markedContent\"><span dir=\"ltr\" role=\"presentation\">Serdecznie dzi\u0119kujemy!!!<\/span><\/span><span id=\"page3R_mcid12\" class=\"markedContent\"><\/span><\/span><\/p>\n<div id=\"outerContainer\" style=\"text-align: center;\"><\/div>\n<p style=\"text-align: center;\">\n","protected":false},"excerpt":{"rendered":"<p>Pro\u015bba o 1,5% SZANOWNI PA\u0143STWONale\u017cymy doSTOWARZYSZENIA\u201ePRZEDSZKOLA PRZYSZ\u0141O\u015aCI\u201d,kt\u00f3re jest Organizacj\u0105 Po\u017cytku Publicznego,w zwi\u0105zku z tym na rzecz naszej plac\u00f3wkimo\u017cna przekaza\u0107 1,5% podatku.Prosimy wesprze\u0107 nasz\u0105 dzia\u0142alno\u015b\u0107przekazuj\u0105c1,5% z og\u00f3lnej kwoty podatku(po odliczeniach)na kontoStowarzyszenie \u201ePrzedszkola Przysz\u0142o\u015bci\u201d35&#8211;310 Rzesz\u00f3w, ul. Rejtana 30, Wa\u017cne:z dopiskiem dla PPN \u015aw. Rocha Numer KRS 0000145905 Serdecznie dzi\u0119kujemy!!!<\/p>\n","protected":false},"author":1,"featured_media":0,"parent":0,"menu_order":0,"comment_status":"closed","ping_status":"closed","template":"","meta":{"footnotes":""},"class_list":["post-460","page","type-page","status-publish","czr-hentry"],"_links":{"self":[{"href":"http:\/\/przedszkole-swrocha.pl\/index.php?rest_route=\/wp\/v2\/pages\/460","targetHints":{"allow":["GET"]}}],"collection":[{"href":"http:\/\/przedszkole-swrocha.pl\/index.php?rest_route=\/wp\/v2\/pages"}],"about":[{"href":"http:\/\/przedszkole-swrocha.pl\/index.php?rest_route=\/wp\/v2\/types\/page"}],"author":[{"embeddable":true,"href":"http:\/\/przedszkole-swrocha.pl\/index.php?rest_route=\/wp\/v2\/users\/1"}],"replies":[{"embeddable":true,"href":"http:\/\/przedszkole-swrocha.pl\/index.php?rest_route=%2Fwp%2Fv2%2Fcomments&post=460"}],"version-history":[{"count":7,"href":"http:\/\/przedszkole-swrocha.pl\/index.php?rest_route=\/wp\/v2\/pages\/460\/revisions"}],"predecessor-version":[{"id":9480,"href":"http:\/\/przedszkole-swrocha.pl\/index.php?rest_route=\/wp\/v2\/pages\/460\/revisions\/9480"}],"wp:attachment":[{"href":"http:\/\/przedszkole-swrocha.pl\/index.php?rest_route=%2Fwp%2Fv2%2Fmedia&parent=460"}],"curies":[{"name":"wp","href":"https:\/\/api.w.org\/{rel}","templated":true}]}}